{"id":988331,"date":"2023-06-27T15:15:14","date_gmt":"2023-06-27T13:15:14","guid":{"rendered":"https:\/\/gallup.scprojects.com.pl\/?page_id=988331"},"modified":"2024-07-26T12:26:35","modified_gmt":"2024-07-26T10:26:35","slug":"filozofia-mocnych-stron-dla-top-kadry","status":"publish","type":"page","link":"https:\/\/talenty-gallupa.pracowniagier.com\/index.php\/filozofia-mocnych-stron-dla-top-kadry\/","title":{"rendered":"Filozofia mocnych stron dla top kadry."},"content":{"rendered":"\t\t<div data-elementor-type=\"wp-page\" data-elementor-id=\"988331\" class=\"elementor elementor-988331\" data-elementor-post-type=\"page\">\n\t\t\t\t\t\t<section class=\"elementor-section elementor-top-section elementor-element elementor-element-fd36b8b elementor-section-boxed elementor-section-height-default elementor-section-height-default\" data-id=\"fd36b8b\" data-element_type=\"section\" data-e-type=\"section\">\n\t\t\t\t\t\t<div class=\"elementor-container elementor-column-gap-default\">\n\t\t\t\t\t<div class=\"elementor-column elementor-col-100 elementor-top-column elementor-element elementor-element-38e2e86\" data-id=\"38e2e86\" data-element_type=\"column\" data-e-type=\"column\">\n\t\t\t<div class=\"elementor-widget-wrap elementor-element-populated\">\n\t\t\t\t\t\t<div class=\"elementor-element elementor-element-088a0f9 elementor--h-position-center elementor--v-position-middle elementor-arrows-position-inside elementor-widget elementor-widget-slides\" data-id=\"088a0f9\" data-element_type=\"widget\" data-e-type=\"widget\" data-settings=\"{&quot;navigation&quot;:&quot;arrows&quot;,&quot;autoplay&quot;:&quot;yes&quot;,&quot;pause_on_hover&quot;:&quot;yes&quot;,&quot;pause_on_interaction&quot;:&quot;yes&quot;,&quot;autoplay_speed&quot;:5000,&quot;infinite&quot;:&quot;yes&quot;,&quot;transition&quot;:&quot;slide&quot;,&quot;transition_speed&quot;:500}\" data-widget_type=\"slides.default\">\n\t\t\t\t<div class=\"elementor-widget-container\">\n\t\t\t\t\t\t\t\t\t<div class=\"elementor-swiper\">\n\t\t\t\t\t<div class=\"elementor-slides-wrapper elementor-main-swiper swiper\" role=\"region\" aria-roledescription=\"carousel\" aria-label=\"Slajdy\" dir=\"ltr\" data-animation=\"fadeInUp\">\n\t\t\t\t<div class=\"swiper-wrapper elementor-slides\">\n\t\t\t\t\t\t\t\t\t\t<div class=\"elementor-repeater-item-7b185b1 swiper-slide\" role=\"group\" aria-roledescription=\"slide\"><div class=\"swiper-slide-bg elementor-ken-burns elementor-ken-burns--in\" role=\"img\" aria-label=\"C HEADER\"><\/div><div class=\"elementor-background-overlay\"><\/div><div class=\"swiper-slide-inner\" ><div class=\"swiper-slide-contents\"><div class=\"elementor-slide-heading\">Filozofia mocnych <br \/>stron dla top kadry<\/div><div class=\"elementor-slide-description\">#StrengthsBasedExecutiveTeams<\/div><\/div><\/div><\/div>\t\t\t\t<\/div>\n\t\t\t\t\t\t\t<\/div>\n\t\t\t\t<\/div>\n\t\t\t\t\t\t\t\t<\/div>\n\t\t\t\t<\/div>\n\t\t\t\t\t<\/div>\n\t\t<\/div>\n\t\t\t\t\t<\/div>\n\t\t<\/section>\n\t\t\t\t<section class=\"elementor-section elementor-top-section elementor-element elementor-element-18e79ea0 elementor-section-boxed elementor-section-height-default elementor-section-height-default\" data-id=\"18e79ea0\" data-element_type=\"section\" data-e-type=\"section\">\n\t\t\t\t\t\t<div class=\"elementor-container elementor-column-gap-default\">\n\t\t\t\t\t<div class=\"elementor-column elementor-col-25 elementor-top-column elementor-element elementor-element-7d83cba7\" data-id=\"7d83cba7\" data-element_type=\"column\" data-e-type=\"column\" data-settings=\"{&quot;background_background&quot;:&quot;classic&quot;}\">\n\t\t\t<div class=\"elementor-widget-wrap elementor-element-populated\">\n\t\t\t\t\t\t<div class=\"elementor-element elementor-element-538e894e elementor-widget elementor-widget-text-editor\" data-id=\"538e894e\" data-element_type=\"widget\" data-e-type=\"widget\" data-widget_type=\"text-editor.default\">\n\t\t\t\t<div class=\"elementor-widget-container\">\n\t\t\t\t\t\t\t\t\t<p>Dla zespo\u0142\u00f3w zarz\u0105dzaj\u0105cych, executive teams.<\/p>\t\t\t\t\t\t\t\t<\/div>\n\t\t\t\t<\/div>\n\t\t\t\t\t<\/div>\n\t\t<\/div>\n\t\t\t\t<div class=\"elementor-column elementor-col-25 elementor-top-column elementor-element elementor-element-46e5ce6\" data-id=\"46e5ce6\" data-element_type=\"column\" data-e-type=\"column\" data-settings=\"{&quot;background_background&quot;:&quot;classic&quot;}\">\n\t\t\t<div class=\"elementor-widget-wrap elementor-element-populated\">\n\t\t\t\t\t\t<div class=\"elementor-element elementor-element-73d1c36 elementor-widget elementor-widget-text-editor\" data-id=\"73d1c36\" data-element_type=\"widget\" data-e-type=\"widget\" data-widget_type=\"text-editor.default\">\n\t\t\t\t<div class=\"elementor-widget-container\">\n\t\t\t\t\t\t\t\t\t<p>\u201cZ czego chcemy by\u0107 znani jako zesp\u00f3\u0142 zarz\u0105dzaj\u0105cy\u201d<\/p>\t\t\t\t\t\t\t\t<\/div>\n\t\t\t\t<\/div>\n\t\t\t\t\t<\/div>\n\t\t<\/div>\n\t\t\t\t<div class=\"elementor-column elementor-col-25 elementor-top-column elementor-element elementor-element-1e31b66\" data-id=\"1e31b66\" data-element_type=\"column\" data-e-type=\"column\" data-settings=\"{&quot;background_background&quot;:&quot;classic&quot;}\">\n\t\t\t<div class=\"elementor-widget-wrap elementor-element-populated\">\n\t\t\t\t\t\t<div class=\"elementor-element elementor-element-99abedb elementor-widget elementor-widget-text-editor\" data-id=\"99abedb\" data-element_type=\"widget\" data-e-type=\"widget\" data-widget_type=\"text-editor.default\">\n\t\t\t\t<div class=\"elementor-widget-container\">\n\t\t\t\t\t\t\t\t\t<p>Pozwala na dotarcie si\u0119 silnych osobowo\u015bci top kadry, daje j\u0119zyk do wzajemnego zrozumienia.<\/p>\t\t\t\t\t\t\t\t<\/div>\n\t\t\t\t<\/div>\n\t\t\t\t\t<\/div>\n\t\t<\/div>\n\t\t\t\t<div class=\"elementor-column elementor-col-25 elementor-top-column elementor-element elementor-element-d6e58bc\" data-id=\"d6e58bc\" data-element_type=\"column\" data-e-type=\"column\" data-settings=\"{&quot;background_background&quot;:&quot;classic&quot;}\">\n\t\t\t<div class=\"elementor-widget-wrap elementor-element-populated\">\n\t\t\t\t\t\t<div class=\"elementor-element elementor-element-9432ebd elementor-widget elementor-widget-text-editor\" data-id=\"9432ebd\" data-element_type=\"widget\" data-e-type=\"widget\" data-widget_type=\"text-editor.default\">\n\t\t\t\t<div class=\"elementor-widget-container\">\n\t\t\t\t\t\t\t\t\t<p>U\u0142atwia strategiczne rozmowy i negocjacje, podnosi zaanga\u017cowanie do dzia\u0142ania w jednym kierunku, grania do jednej bramki, prze\u0142amywania silos\u00f3w.<\/p>\t\t\t\t\t\t\t\t<\/div>\n\t\t\t\t<\/div>\n\t\t\t\t\t<\/div>\n\t\t<\/div>\n\t\t\t\t\t<\/div>\n\t\t<\/section>\n\t\t\t\t<section class=\"elementor-section elementor-top-section elementor-element elementor-element-60626f0 elementor-section-boxed elementor-section-height-default elementor-section-height-default\" data-id=\"60626f0\" data-element_type=\"section\" data-e-type=\"section\">\n\t\t\t\t\t\t<div class=\"elementor-container elementor-column-gap-default\">\n\t\t\t\t\t<div class=\"elementor-column elementor-col-50 elementor-top-column elementor-element elementor-element-b1ed47c\" data-id=\"b1ed47c\" data-element_type=\"column\" data-e-type=\"column\">\n\t\t\t<div class=\"elementor-widget-wrap elementor-element-populated\">\n\t\t\t\t\t\t<div class=\"elementor-element elementor-element-ee131a1 elementor-widget elementor-widget-heading\" data-id=\"ee131a1\" data-element_type=\"widget\" data-e-type=\"widget\" data-widget_type=\"heading.default\">\n\t\t\t\t<div class=\"elementor-widget-container\">\n\t\t\t\t\t<h2 class=\"elementor-heading-title elementor-size-default\">CEL<\/h2>\t\t\t\t<\/div>\n\t\t\t\t<\/div>\n\t\t\t\t<div class=\"elementor-element elementor-element-e8527e7 elementor-widget elementor-widget-heading\" data-id=\"e8527e7\" data-element_type=\"widget\" data-e-type=\"widget\" data-widget_type=\"heading.default\">\n\t\t\t\t<div class=\"elementor-widget-container\">\n\t\t\t\t\t<h3 class=\"elementor-heading-title elementor-size-default\">Zaanga\u017cowanie kluczowych os\u00f3b<br \/>\n\u200bw firmie  do budowania <br \/>\nStrengths-based Organization<\/h3>\t\t\t\t<\/div>\n\t\t\t\t<\/div>\n\t\t\t\t<div class=\"elementor-element elementor-element-9d8d67d elementor-widget__width-initial elementor-widget elementor-widget-text-editor\" data-id=\"9d8d67d\" data-element_type=\"widget\" data-e-type=\"widget\" data-widget_type=\"text-editor.default\">\n\t\t\t\t<div class=\"elementor-widget-container\">\n\t\t\t\t\t\t\t\t\t<p><strong><span class=\"WdYUQQ text-decoration-none text-strikethrough-none\">Przyk\u0142adowy przebieg zrealizowany<br \/>dla jednego z klient\u00f3w:<\/span><\/strong><\/p><p>\u00a0<\/p><ul><li><span class=\"WdYUQQ text-decoration-none text-strikethrough-none\">Pe\u0142en test CliftonStrengths 34 talent\u00f3w \u200b<\/span><\/li><li><span class=\"WdYUQQ text-decoration-none text-strikethrough-none\">Indywidualne sesje feedbackowe dla cz\u0142onk\u00f3w zarz\u0105du \u2013 jak wynik testu wi\u0105\u017ce si\u0119 z zarz\u0105dzaniem<\/span> <span class=\"WdYUQQ text-decoration-none text-strikethrough-none\">\u200b<\/span><\/li><li><span class=\"WdYUQQ text-decoration-none text-strikethrough-none\">Warsztaty 4h dla 6 cz\u0142onk\u00f3w zarz\u0105du z Polski\u200b<\/span><\/li><li><span class=\"WdYUQQ text-decoration-none text-strikethrough-none\">Warsztaty 4 h dla mi\u0119dzynarodowego grona szef\u00f3w sp\u00f3\u0142ek z regionu\u200b<\/span><\/li><li><span class=\"WdYUQQ text-decoration-none text-strikethrough-none\">Warsztaty 2x4h dla 40 os\u00f3b z top kadry\u200b<\/span><\/li><\/ul>\t\t\t\t\t\t\t\t<\/div>\n\t\t\t\t<\/div>\n\t\t\t\t\t<\/div>\n\t\t<\/div>\n\t\t\t\t<div class=\"elementor-column elementor-col-50 elementor-top-column elementor-element elementor-element-d244eab\" data-id=\"d244eab\" data-element_type=\"column\" data-e-type=\"column\">\n\t\t\t<div class=\"elementor-widget-wrap elementor-element-populated\">\n\t\t\t\t\t\t<div class=\"elementor-element elementor-element-10fd154 elementor-widget elementor-widget-image\" data-id=\"10fd154\" data-element_type=\"widget\" data-e-type=\"widget\" data-widget_type=\"image.default\">\n\t\t\t\t<div class=\"elementor-widget-container\">\n\t\t\t\t\t\t\t\t\t\t\t\t\t\t\t<img fetchpriority=\"high\" decoding=\"async\" width=\"1295\" height=\"861\" src=\"https:\/\/talenty-gallupa.pracowniagier.com\/wp-content\/uploads\/2023\/06\/C1-kopia.jpg\" class=\"attachment-2048x2048 size-2048x2048 wp-image-988341\" alt=\"\" srcset=\"https:\/\/talenty-gallupa.pracowniagier.com\/wp-content\/uploads\/2023\/06\/C1-kopia.jpg 1295w, https:\/\/talenty-gallupa.pracowniagier.com\/wp-content\/uploads\/2023\/06\/C1-kopia-300x199.jpg 300w, https:\/\/talenty-gallupa.pracowniagier.com\/wp-content\/uploads\/2023\/06\/C1-kopia-1024x681.jpg 1024w, https:\/\/talenty-gallupa.pracowniagier.com\/wp-content\/uploads\/2023\/06\/C1-kopia-768x511.jpg 768w\" sizes=\"(max-width: 1295px) 100vw, 1295px\" \/>\t\t\t\t\t\t\t\t\t\t\t\t\t\t\t<\/div>\n\t\t\t\t<\/div>\n\t\t\t\t\t<\/div>\n\t\t<\/div>\n\t\t\t\t\t<\/div>\n\t\t<\/section>\n\t\t\t\t<section class=\"elementor-section elementor-top-section elementor-element elementor-element-569909a elementor-section-boxed elementor-section-height-default elementor-section-height-default\" data-id=\"569909a\" data-element_type=\"section\" data-e-type=\"section\">\n\t\t\t\t\t\t<div class=\"elementor-container elementor-column-gap-default\">\n\t\t\t\t\t<div class=\"elementor-column elementor-col-100 elementor-top-column elementor-element elementor-element-c780b65\" data-id=\"c780b65\" data-element_type=\"column\" data-e-type=\"column\">\n\t\t\t<div class=\"elementor-widget-wrap elementor-element-populated\">\n\t\t\t\t\t\t<div class=\"elementor-element elementor-element-7bd7cb5 elementor-widget elementor-widget-spacer\" data-id=\"7bd7cb5\" data-element_type=\"widget\" data-e-type=\"widget\" data-widget_type=\"spacer.default\">\n\t\t\t\t<div class=\"elementor-widget-container\">\n\t\t\t\t\t\t\t<div class=\"elementor-spacer\">\n\t\t\t<div class=\"elementor-spacer-inner\"><\/div>\n\t\t<\/div>\n\t\t\t\t\t\t<\/div>\n\t\t\t\t<\/div>\n\t\t\t\t\t<\/div>\n\t\t<\/div>\n\t\t\t\t\t<\/div>\n\t\t<\/section>\n\t\t\t\t<section class=\"elementor-section elementor-top-section elementor-element elementor-element-73caef3 elementor-section-boxed elementor-section-height-default elementor-section-height-default\" data-id=\"73caef3\" data-element_type=\"section\" data-e-type=\"section\">\n\t\t\t\t\t\t<div class=\"elementor-container elementor-column-gap-default\">\n\t\t\t\t\t<div class=\"elementor-column elementor-col-100 elementor-top-column elementor-element elementor-element-47b89a5\" data-id=\"47b89a5\" data-element_type=\"column\" data-e-type=\"column\" data-settings=\"{&quot;background_background&quot;:&quot;classic&quot;}\">\n\t\t\t<div class=\"elementor-widget-wrap elementor-element-populated\">\n\t\t\t\t\t\t<div class=\"elementor-element elementor-element-7d4c464 elementor-widget elementor-widget-heading\" data-id=\"7d4c464\" data-element_type=\"widget\" data-e-type=\"widget\" data-widget_type=\"heading.default\">\n\t\t\t\t<div class=\"elementor-widget-container\">\n\t\t\t\t\t<h3 class=\"elementor-heading-title elementor-size-default\">Skonfiguruj warsztaty <br \/>dla swojego zespo\u0142u<\/h3>\t\t\t\t<\/div>\n\t\t\t\t<\/div>\n\t\t\t\t<div class=\"elementor-element elementor-element-4fb464e elementor-widget elementor-widget-text-editor\" data-id=\"4fb464e\" data-element_type=\"widget\" data-e-type=\"widget\" data-widget_type=\"text-editor.default\">\n\t\t\t\t<div class=\"elementor-widget-container\">\n\t\t\t\t\t\t\t\t\t<p>Nasi eksperci przygotuj\u0105 ofert\u0119 specjalnie dla Ciebie.<br \/>Skorzystaj z formularza, aby stworzy\u0107 swoje szkolenie.<\/p>\t\t\t\t\t\t\t\t<\/div>\n\t\t\t\t<\/div>\n\t\t\t\t<section class=\"elementor-section elementor-inner-section elementor-element elementor-element-49d1c8f elementor-section-boxed elementor-section-height-default elementor-section-height-default\" data-id=\"49d1c8f\" data-element_type=\"section\" data-e-type=\"section\">\n\t\t\t\t\t\t<div class=\"elementor-container elementor-column-gap-default\">\n\t\t\t\t\t<div class=\"elementor-column elementor-col-50 elementor-inner-column elementor-element elementor-element-c8590f9\" data-id=\"c8590f9\" data-element_type=\"column\" data-e-type=\"column\">\n\t\t\t<div class=\"elementor-widget-wrap elementor-element-populated\">\n\t\t\t\t\t\t<div class=\"elementor-element elementor-element-f18712e elementor-align-right elementor-mobile-align-center elementor-widget elementor-widget-button\" data-id=\"f18712e\" data-element_type=\"widget\" data-e-type=\"widget\" data-widget_type=\"button.default\">\n\t\t\t\t<div class=\"elementor-widget-container\">\n\t\t\t\t\t\t\t\t\t<div class=\"elementor-button-wrapper\">\n\t\t\t\t\t<a class=\"elementor-button elementor-button-link elementor-size-sm\" href=\"https:\/\/pracowniagier.com\/kontakt\/\">\n\t\t\t\t\t\t<span class=\"elementor-button-content-wrapper\">\n\t\t\t\t\t\t\t\t\t<span class=\"elementor-button-text\">Um\u00f3w rozmow\u0119<\/span>\n\t\t\t\t\t<\/span>\n\t\t\t\t\t<\/a>\n\t\t\t\t<\/div>\n\t\t\t\t\t\t\t\t<\/div>\n\t\t\t\t<\/div>\n\t\t\t\t\t<\/div>\n\t\t<\/div>\n\t\t\t\t<div class=\"elementor-column elementor-col-50 elementor-inner-column elementor-element elementor-element-ce877de\" data-id=\"ce877de\" data-element_type=\"column\" data-e-type=\"column\">\n\t\t\t<div class=\"elementor-widget-wrap elementor-element-populated\">\n\t\t\t\t\t\t<div class=\"elementor-element elementor-element-8711d97 elementor-mobile-align-center elementor-widget elementor-widget-button\" data-id=\"8711d97\" data-element_type=\"widget\" data-e-type=\"widget\" data-widget_type=\"button.default\">\n\t\t\t\t<div class=\"elementor-widget-container\">\n\t\t\t\t\t\t\t\t\t<div class=\"elementor-button-wrapper\">\n\t\t\t\t\t<a class=\"elementor-button elementor-button-link elementor-size-sm\" href=\"https:\/\/talenty-gallupa.pracowniagier.com\/index.php\/kreator\/\">\n\t\t\t\t\t\t<span class=\"elementor-button-content-wrapper\">\n\t\t\t\t\t\t\t\t\t<span class=\"elementor-button-text\">Kreator oferty<\/span>\n\t\t\t\t\t<\/span>\n\t\t\t\t\t<\/a>\n\t\t\t\t<\/div>\n\t\t\t\t\t\t\t\t<\/div>\n\t\t\t\t<\/div>\n\t\t\t\t\t<\/div>\n\t\t<\/div>\n\t\t\t\t\t<\/div>\n\t\t<\/section>\n\t\t\t\t\t<\/div>\n\t\t<\/div>\n\t\t\t\t\t<\/div>\n\t\t<\/section>\n\t\t\t\t<\/div>\n\t\t","protected":false},"excerpt":{"rendered":"<p>Filozofia mocnych stron dla top kadry#StrengthsBasedExecutiveTeams Dla zespo\u0142\u00f3w zarz\u0105dzaj\u0105cych, executive teams. \u201cZ czego chcemy by\u0107 znani jako zesp\u00f3\u0142 zarz\u0105dzaj\u0105cy\u201d Pozwala na dotarcie si\u0119 silnych osobowo\u015bci top kadry, daje j\u0119zyk do wzajemnego zrozumienia. U\u0142atwia strategiczne rozmowy i negocjacje, podnosi zaanga\u017cowanie do dzia\u0142ania w jednym kierunku, grania do jednej bramki, prze\u0142amywania silos\u00f3w. CEL Zaanga\u017cowanie kluczowych os\u00f3b \u200bw [&hellip;]<\/p>\n","protected":false},"author":1,"featured_media":0,"parent":0,"menu_order":0,"comment_status":"closed","ping_status":"closed","template":"","meta":{"footnotes":""},"class_list":["post-988331","page","type-page","status-publish","hentry"],"_links":{"self":[{"href":"https:\/\/talenty-gallupa.pracowniagier.com\/index.php\/wp-json\/wp\/v2\/pages\/988331","targetHints":{"allow":["GET"]}}],"collection":[{"href":"https:\/\/talenty-gallupa.pracowniagier.com\/index.php\/wp-json\/wp\/v2\/pages"}],"about":[{"href":"https:\/\/talenty-gallupa.pracowniagier.com\/index.php\/wp-json\/wp\/v2\/types\/page"}],"author":[{"embeddable":true,"href":"https:\/\/talenty-gallupa.pracowniagier.com\/index.php\/wp-json\/wp\/v2\/users\/1"}],"replies":[{"embeddable":true,"href":"https:\/\/talenty-gallupa.pracowniagier.com\/index.php\/wp-json\/wp\/v2\/comments?post=988331"}],"version-history":[{"count":28,"href":"https:\/\/talenty-gallupa.pracowniagier.com\/index.php\/wp-json\/wp\/v2\/pages\/988331\/revisions"}],"predecessor-version":[{"id":989625,"href":"https:\/\/talenty-gallupa.pracowniagier.com\/index.php\/wp-json\/wp\/v2\/pages\/988331\/revisions\/989625"}],"wp:attachment":[{"href":"https:\/\/talenty-gallupa.pracowniagier.com\/index.php\/wp-json\/wp\/v2\/media?parent=988331"}],"curies":[{"name":"wp","href":"https:\/\/api.w.org\/{rel}","templated":true}]}}